{"id":3078,"date":"2022-11-15T12:47:15","date_gmt":"2022-11-15T17:47:15","guid":{"rendered":"http:\/\/staging.nuovac.flywheelsites.com\/entrepreneurs\/"},"modified":"2022-11-15T12:47:15","modified_gmt":"2022-11-15T17:47:15","slug":"entrepreneurs","status":"publish","type":"page","link":"https:\/\/nuovac.ca\/en\/entrepreneurs\/","title":{"rendered":"Entrepreneurs"},"content":{"rendered":"<p><img loading=\"lazy\" decoding=\"async\" class=\"alignnone size-medium wp-image-1291\" src=\"http:\/\/nuovac.ca\/wp-content\/uploads\/2020\/10\/Nuovac-logo-blanc.svg\" alt=\"\" width=\"1\" height=\"1\" \/><span style=\"color: #800000;\"><strong><img loading=\"lazy\" decoding=\"async\" class=\"alignnone size-medium wp-image-1244\" src=\"http:\/\/nuovac.ca\/wp-content\/uploads\/2020\/10\/Nuovac-logo.svg\" alt=\"\" width=\"1\" height=\"1\" \/><img loading=\"lazy\" decoding=\"async\" class=\"alignnone size-medium wp-image-1246\" src=\"http:\/\/nuovac.ca\/wp-content\/uploads\/2020\/10\/Nuovac-logo-1.svg\" alt=\"\" width=\"1\" height=\"1\" \/><img loading=\"lazy\" decoding=\"async\" class=\"wp-image-3066 alignleft\" src=\"http:\/\/nuovac.ca\/wp-content\/uploads\/2022\/11\/symbole_CMYK-300x300.jpg\" alt=\"\" width=\"164\" height=\"164\" srcset=\"https:\/\/nuovac.ca\/wp-content\/uploads\/2022\/11\/symbole_CMYK-300x300.jpg 300w, https:\/\/nuovac.ca\/wp-content\/uploads\/2022\/11\/symbole_CMYK-1024x1024.jpg 1024w, https:\/\/nuovac.ca\/wp-content\/uploads\/2022\/11\/symbole_CMYK-150x150.jpg 150w, https:\/\/nuovac.ca\/wp-content\/uploads\/2022\/11\/symbole_CMYK-768x768.jpg 768w, https:\/\/nuovac.ca\/wp-content\/uploads\/2022\/11\/symbole_CMYK-1536x1536.jpg 1536w, https:\/\/nuovac.ca\/wp-content\/uploads\/2022\/11\/symbole_CMYK-324x324.jpg 324w, https:\/\/nuovac.ca\/wp-content\/uploads\/2022\/11\/symbole_CMYK-416x416.jpg 416w, https:\/\/nuovac.ca\/wp-content\/uploads\/2022\/11\/symbole_CMYK-100x100.jpg 100w, https:\/\/nuovac.ca\/wp-content\/uploads\/2022\/11\/symbole_CMYK.jpg 1650w\" sizes=\"auto, (max-width: 164px) 100vw, 164px\" \/><br \/>\n<img loading=\"lazy\" decoding=\"async\" class=\"alignnone size-medium wp-image-1291\" src=\"http:\/\/nuovac.ca\/wp-content\/uploads\/2020\/10\/Nuovac-logo-blanc.svg\" alt=\"\" width=\"1\" height=\"1\" \/><img loading=\"lazy\" decoding=\"async\" class=\"alignnone size-medium wp-image-1291\" src=\"http:\/\/nuovac.ca\/wp-content\/uploads\/2020\/10\/Nuovac-logo-blanc.svg\" alt=\"\" width=\"1\" height=\"1\" \/><img loading=\"lazy\" decoding=\"async\" class=\"alignnone size-medium wp-image-1251\" src=\"http:\/\/nuovac.ca\/wp-content\/uploads\/2020\/10\/nuovac-logo-2.svg\" alt=\"\" width=\"1\" height=\"1\" \/><img loading=\"lazy\" decoding=\"async\" class=\"alignnone size-medium wp-image-1251\" src=\"http:\/\/nuovac.ca\/wp-content\/uploads\/2020\/10\/nuovac-logo-2.svg\" alt=\"\" width=\"1\" height=\"1\" \/>Entrepreneurs<\/strong><\/span>,\u00a0 <span style=\"color: #000000;\">Nuovac est d\u00e9j\u00e0 partenaire aupr\u00e8s de plusieurs entrepreneurs g\u00e9n\u00e9raux satisfaits par nos comp\u00e9tences et notre service attentionn\u00e9 et particulier adapt\u00e9 au besoin de chacun<b>.<\/b>\u00a0<\/span><a href=\"http:\/\/nuovac.ca\/en\/contact\/\">Contactez-nous<\/a> <span style=\"color: #000000;\">et nous planifierons une rencontre t\u00e9l\u00e9phonique, internet ou en pr\u00e9sentielle selon vos d\u00e9sirs, pour discuter de vos projets et vos besoins; <strong>facturation, moyen communication, documentation \u00e0 fournir pour vos clients, soumission, pr\u00e9f\u00e9rence d&#8217;installation et plus encore.\u00a0<\/strong><\/span><\/p>\n<h4><strong><a href=\"http:\/\/nuovac.ca\/en\/contact\/\">Contactez-nous<\/a> <\/strong><span style=\"color: #000000;\"><strong>et nous vous rappellerons dans les plus brefs d\u00e9lais<\/strong>.\u00a0<\/span><\/h4>\n<p>&nbsp;<\/p>\n<p><img loading=\"lazy\" decoding=\"async\" class=\"alignnone wp-image-2015\" src=\"http:\/\/nuovac.ca\/wp-content\/uploads\/2021\/01\/Nuovac_Nous-joindre-1-300x111.jpg\" alt=\"\" width=\"371\" height=\"137\" srcset=\"https:\/\/nuovac.ca\/wp-content\/uploads\/2021\/01\/Nuovac_Nous-joindre-1-300x111.jpg 300w, https:\/\/nuovac.ca\/wp-content\/uploads\/2021\/01\/Nuovac_Nous-joindre-1-1024x377.jpg 1024w, https:\/\/nuovac.ca\/wp-content\/uploads\/2021\/01\/Nuovac_Nous-joindre-1-768x283.jpg 768w, https:\/\/nuovac.ca\/wp-content\/uploads\/2021\/01\/Nuovac_Nous-joindre-1-1536x566.jpg 1536w, https:\/\/nuovac.ca\/wp-content\/uploads\/2021\/01\/Nuovac_Nous-joindre-1.jpg 1900w\" sizes=\"auto, (max-width: 371px) 100vw, 371px\" \/><\/p>\n<p>&nbsp;<\/p>\n<p>&nbsp;<\/p>\n","protected":false},"excerpt":{"rendered":"<p>Entrepreneurs,\u00a0 Nuovac est d\u00e9j\u00e0 partenaire aupr\u00e8s de plusieurs entrepreneurs g\u00e9n\u00e9raux satisfaits par nos comp\u00e9tences et notre service attentionn\u00e9 et particulier adapt\u00e9 au besoin de chacun.\u00a0Contactez-nous et nous planifierons une rencontre t\u00e9l\u00e9phonique, internet ou en pr\u00e9sentielle selon vos d\u00e9sirs, pour discuter de vos projets et vos besoins; facturation, moyen communication, documentation \u00e0 fournir pour vos clients, [&hellip;]<\/p>\n","protected":false},"author":3,"featured_media":2026,"parent":0,"menu_order":2,"comment_status":"closed","ping_status":"closed","template":"","meta":{"footnotes":""},"class_list":["post-3078","page","type-page","status-publish","has-post-thumbnail","hentry"],"acf":[],"yoast_head":"<!-- This site is optimized with the Yoast SEO plugin v27.3 - https:\/\/yoast.com\/product\/yoast-seo-wordpress\/ -->\n<title>Entrepreneurs - Nuovac - Aspirateur<\/title>\n<meta name=\"robots\" content=\"index, follow, max-snippet:-1, max-image-preview:large, max-video-preview:-1\" \/>\n<link rel=\"canonical\" href=\"https:\/\/nuovac.ca\/en\/entrepreneurs\/\" \/>\n<meta property=\"og:locale\" content=\"en_US\" \/>\n<meta property=\"og:type\" content=\"article\" \/>\n<meta property=\"og:title\" content=\"Entrepreneurs - Nuovac - Aspirateur\" \/>\n<meta property=\"og:description\" content=\"Entrepreneurs,\u00a0 Nuovac est d\u00e9j\u00e0 partenaire aupr\u00e8s de plusieurs entrepreneurs g\u00e9n\u00e9raux satisfaits par nos comp\u00e9tences et notre service attentionn\u00e9 et particulier adapt\u00e9 au besoin de chacun.\u00a0Contactez-nous et nous planifierons une rencontre t\u00e9l\u00e9phonique, internet ou en pr\u00e9sentielle selon vos d\u00e9sirs, pour discuter de vos projets et vos besoins; facturation, moyen communication, documentation \u00e0 fournir pour vos clients, [&hellip;]\" \/>\n<meta property=\"og:url\" content=\"https:\/\/nuovac.ca\/en\/entrepreneurs\/\" \/>\n<meta property=\"og:site_name\" content=\"Nuovac - Aspirateur\" \/>\n<meta property=\"og:image\" content=\"http:\/\/nuovac.ca\/wp-content\/uploads\/2020\/10\/Nuovac-logo-blanc.svg\" \/>\n<meta name=\"twitter:card\" content=\"summary_large_image\" \/>\n<script type=\"application\/ld+json\" class=\"yoast-schema-graph\">{\"@context\":\"https:\\\/\\\/schema.org\",\"@graph\":[{\"@type\":\"WebPage\",\"@id\":\"https:\\\/\\\/nuovac.ca\\\/en\\\/entrepreneurs\\\/\",\"url\":\"https:\\\/\\\/nuovac.ca\\\/en\\\/entrepreneurs\\\/\",\"name\":\"Entrepreneurs - Nuovac - Aspirateur\",\"isPartOf\":{\"@id\":\"https:\\\/\\\/nuovac.ca\\\/en\\\/#website\"},\"primaryImageOfPage\":{\"@id\":\"https:\\\/\\\/nuovac.ca\\\/en\\\/entrepreneurs\\\/#primaryimage\"},\"image\":{\"@id\":\"https:\\\/\\\/nuovac.ca\\\/en\\\/entrepreneurs\\\/#primaryimage\"},\"thumbnailUrl\":\"https:\\\/\\\/nuovac.ca\\\/wp-content\\\/uploads\\\/2021\\\/01\\\/Nuovac_aspirateurentete5.jpg\",\"datePublished\":\"2022-11-15T17:47:15+00:00\",\"breadcrumb\":{\"@id\":\"https:\\\/\\\/nuovac.ca\\\/en\\\/entrepreneurs\\\/#breadcrumb\"},\"inLanguage\":\"en-US\",\"potentialAction\":[{\"@type\":\"ReadAction\",\"target\":[\"https:\\\/\\\/nuovac.ca\\\/en\\\/entrepreneurs\\\/\"]}]},{\"@type\":\"ImageObject\",\"inLanguage\":\"en-US\",\"@id\":\"https:\\\/\\\/nuovac.ca\\\/en\\\/entrepreneurs\\\/#primaryimage\",\"url\":\"https:\\\/\\\/nuovac.ca\\\/wp-content\\\/uploads\\\/2021\\\/01\\\/Nuovac_aspirateurentete5.jpg\",\"contentUrl\":\"https:\\\/\\\/nuovac.ca\\\/wp-content\\\/uploads\\\/2021\\\/01\\\/Nuovac_aspirateurentete5.jpg\",\"width\":1900,\"height\":350},{\"@type\":\"BreadcrumbList\",\"@id\":\"https:\\\/\\\/nuovac.ca\\\/en\\\/entrepreneurs\\\/#breadcrumb\",\"itemListElement\":[{\"@type\":\"ListItem\",\"position\":1,\"name\":\"Home\",\"item\":\"http:\\\/\\\/nuovac.ca\\\/en\\\/\"},{\"@type\":\"ListItem\",\"position\":2,\"name\":\"Entrepreneurs\"}]},{\"@type\":\"WebSite\",\"@id\":\"https:\\\/\\\/nuovac.ca\\\/en\\\/#website\",\"url\":\"https:\\\/\\\/nuovac.ca\\\/en\\\/\",\"name\":\"Nuovac - Aspirateur\",\"description\":\"Bien plus qu&#039;un aspirateur\",\"publisher\":{\"@id\":\"https:\\\/\\\/nuovac.ca\\\/en\\\/#organization\"},\"potentialAction\":[{\"@type\":\"SearchAction\",\"target\":{\"@type\":\"EntryPoint\",\"urlTemplate\":\"https:\\\/\\\/nuovac.ca\\\/en\\\/?s={search_term_string}\"},\"query-input\":{\"@type\":\"PropertyValueSpecification\",\"valueRequired\":true,\"valueName\":\"search_term_string\"}}],\"inLanguage\":\"en-US\"},{\"@type\":\"Organization\",\"@id\":\"https:\\\/\\\/nuovac.ca\\\/en\\\/#organization\",\"name\":\"Nuovac - Aspirateur\",\"url\":\"https:\\\/\\\/nuovac.ca\\\/en\\\/\",\"logo\":{\"@type\":\"ImageObject\",\"inLanguage\":\"en-US\",\"@id\":\"https:\\\/\\\/nuovac.ca\\\/en\\\/#\\\/schema\\\/logo\\\/image\\\/\",\"url\":\"https:\\\/\\\/nuovac.ca\\\/wp-content\\\/uploads\\\/2020\\\/10\\\/nuovac-logo-2.svg\",\"contentUrl\":\"https:\\\/\\\/nuovac.ca\\\/wp-content\\\/uploads\\\/2020\\\/10\\\/nuovac-logo-2.svg\",\"caption\":\"Nuovac - Aspirateur\"},\"image\":{\"@id\":\"https:\\\/\\\/nuovac.ca\\\/en\\\/#\\\/schema\\\/logo\\\/image\\\/\"}}]}<\/script>\n<!-- \/ Yoast SEO plugin. -->","yoast_head_json":{"title":"Entrepreneurs - Nuovac - Aspirateur","robots":{"index":"index","follow":"follow","max-snippet":"max-snippet:-1","max-image-preview":"max-image-preview:large","max-video-preview":"max-video-preview:-1"},"canonical":"https:\/\/nuovac.ca\/en\/entrepreneurs\/","og_locale":"en_US","og_type":"article","og_title":"Entrepreneurs - Nuovac - Aspirateur","og_description":"Entrepreneurs,\u00a0 Nuovac est d\u00e9j\u00e0 partenaire aupr\u00e8s de plusieurs entrepreneurs g\u00e9n\u00e9raux satisfaits par nos comp\u00e9tences et notre service attentionn\u00e9 et particulier adapt\u00e9 au besoin de chacun.\u00a0Contactez-nous et nous planifierons une rencontre t\u00e9l\u00e9phonique, internet ou en pr\u00e9sentielle selon vos d\u00e9sirs, pour discuter de vos projets et vos besoins; facturation, moyen communication, documentation \u00e0 fournir pour vos clients, [&hellip;]","og_url":"https:\/\/nuovac.ca\/en\/entrepreneurs\/","og_site_name":"Nuovac - Aspirateur","og_image":[{"url":"http:\/\/nuovac.ca\/wp-content\/uploads\/2020\/10\/Nuovac-logo-blanc.svg","type":"","width":"","height":""}],"twitter_card":"summary_large_image","schema":{"@context":"https:\/\/schema.org","@graph":[{"@type":"WebPage","@id":"https:\/\/nuovac.ca\/en\/entrepreneurs\/","url":"https:\/\/nuovac.ca\/en\/entrepreneurs\/","name":"Entrepreneurs - Nuovac - Aspirateur","isPartOf":{"@id":"https:\/\/nuovac.ca\/en\/#website"},"primaryImageOfPage":{"@id":"https:\/\/nuovac.ca\/en\/entrepreneurs\/#primaryimage"},"image":{"@id":"https:\/\/nuovac.ca\/en\/entrepreneurs\/#primaryimage"},"thumbnailUrl":"https:\/\/nuovac.ca\/wp-content\/uploads\/2021\/01\/Nuovac_aspirateurentete5.jpg","datePublished":"2022-11-15T17:47:15+00:00","breadcrumb":{"@id":"https:\/\/nuovac.ca\/en\/entrepreneurs\/#breadcrumb"},"inLanguage":"en-US","potentialAction":[{"@type":"ReadAction","target":["https:\/\/nuovac.ca\/en\/entrepreneurs\/"]}]},{"@type":"ImageObject","inLanguage":"en-US","@id":"https:\/\/nuovac.ca\/en\/entrepreneurs\/#primaryimage","url":"https:\/\/nuovac.ca\/wp-content\/uploads\/2021\/01\/Nuovac_aspirateurentete5.jpg","contentUrl":"https:\/\/nuovac.ca\/wp-content\/uploads\/2021\/01\/Nuovac_aspirateurentete5.jpg","width":1900,"height":350},{"@type":"BreadcrumbList","@id":"https:\/\/nuovac.ca\/en\/entrepreneurs\/#breadcrumb","itemListElement":[{"@type":"ListItem","position":1,"name":"Home","item":"http:\/\/nuovac.ca\/en\/"},{"@type":"ListItem","position":2,"name":"Entrepreneurs"}]},{"@type":"WebSite","@id":"https:\/\/nuovac.ca\/en\/#website","url":"https:\/\/nuovac.ca\/en\/","name":"Nuovac - Aspirateur","description":"Bien plus qu&#039;un aspirateur","publisher":{"@id":"https:\/\/nuovac.ca\/en\/#organization"},"potentialAction":[{"@type":"SearchAction","target":{"@type":"EntryPoint","urlTemplate":"https:\/\/nuovac.ca\/en\/?s={search_term_string}"},"query-input":{"@type":"PropertyValueSpecification","valueRequired":true,"valueName":"search_term_string"}}],"inLanguage":"en-US"},{"@type":"Organization","@id":"https:\/\/nuovac.ca\/en\/#organization","name":"Nuovac - Aspirateur","url":"https:\/\/nuovac.ca\/en\/","logo":{"@type":"ImageObject","inLanguage":"en-US","@id":"https:\/\/nuovac.ca\/en\/#\/schema\/logo\/image\/","url":"https:\/\/nuovac.ca\/wp-content\/uploads\/2020\/10\/nuovac-logo-2.svg","contentUrl":"https:\/\/nuovac.ca\/wp-content\/uploads\/2020\/10\/nuovac-logo-2.svg","caption":"Nuovac - Aspirateur"},"image":{"@id":"https:\/\/nuovac.ca\/en\/#\/schema\/logo\/image\/"}}]}},"_links":{"self":[{"href":"https:\/\/nuovac.ca\/en\/wp-json\/wp\/v2\/pages\/3078","targetHints":{"allow":["GET"]}}],"collection":[{"href":"https:\/\/nuovac.ca\/en\/wp-json\/wp\/v2\/pages"}],"about":[{"href":"https:\/\/nuovac.ca\/en\/wp-json\/wp\/v2\/types\/page"}],"author":[{"embeddable":true,"href":"https:\/\/nuovac.ca\/en\/wp-json\/wp\/v2\/users\/3"}],"replies":[{"embeddable":true,"href":"https:\/\/nuovac.ca\/en\/wp-json\/wp\/v2\/comments?post=3078"}],"version-history":[{"count":0,"href":"https:\/\/nuovac.ca\/en\/wp-json\/wp\/v2\/pages\/3078\/revisions"}],"wp:featuredmedia":[{"embeddable":true,"href":"https:\/\/nuovac.ca\/en\/wp-json\/wp\/v2\/media\/2026"}],"wp:attachment":[{"href":"https:\/\/nuovac.ca\/en\/wp-json\/wp\/v2\/media?parent=3078"}],"curies":[{"name":"wp","href":"https:\/\/api.w.org\/{rel}","templated":true}]}}